{"id":62,"date":"2016-02-03T22:02:36","date_gmt":"2016-02-03T22:02:36","guid":{"rendered":"http:\/\/pen.gg\/de\/?page_id=62"},"modified":"2023-06-22T16:24:11","modified_gmt":"2023-06-22T16:24:11","slug":"unterstuetzen","status":"publish","type":"page","link":"https:\/\/pen.gg\/de\/unterstuetzen\/","title":{"rendered":"Unterst\u00fctzen"},"content":{"rendered":"","protected":false},"excerpt":{"rendered":"<p>Unterst\u00fctze uns mit einer Spende, einer Mitgliedschaft oder indem du dich auf unsere Unterst\u00fctzer*innenliste eintr\u00e4gst.<\/p>\n","protected":false},"author":3,"featured_media":2134,"parent":0,"menu_order":14,"comment_status":"closed","ping_status":"closed","template":"support.php","meta":{"_acf_changed":false,"footnotes":""},"class_list":["post-62","page","type-page","status-publish","has-post-thumbnail","hentry"],"acf":[],"_links":{"self":[{"href":"https:\/\/pen.gg\/de\/wp-json\/wp\/v2\/pages\/62","targetHints":{"allow":["GET"]}}],"collection":[{"href":"https:\/\/pen.gg\/de\/wp-json\/wp\/v2\/pages"}],"about":[{"href":"https:\/\/pen.gg\/de\/wp-json\/wp\/v2\/types\/page"}],"author":[{"embeddable":true,"href":"https:\/\/pen.gg\/de\/wp-json\/wp\/v2\/users\/3"}],"replies":[{"embeddable":true,"href":"https:\/\/pen.gg\/de\/wp-json\/wp\/v2\/comments?post=62"}],"version-history":[{"count":39,"href":"https:\/\/pen.gg\/de\/wp-json\/wp\/v2\/pages\/62\/revisions"}],"predecessor-version":[{"id":2430,"href":"https:\/\/pen.gg\/de\/wp-json\/wp\/v2\/pages\/62\/revisions\/2430"}],"wp:featuredmedia":[{"embeddable":true,"href":"https:\/\/pen.gg\/de\/wp-json\/wp\/v2\/media\/2134"}],"wp:attachment":[{"href":"https:\/\/pen.gg\/de\/wp-json\/wp\/v2\/media?parent=62"}],"curies":[{"name":"wp","href":"https:\/\/api.w.org\/{rel}","templated":true}]}}