{"id":48,"date":"2016-02-03T22:00:24","date_gmt":"2016-02-03T22:00:24","guid":{"rendered":"http:\/\/pen.gg\/de\/?page_id=48"},"modified":"2023-04-03T20:03:44","modified_gmt":"2023-04-03T20:03:44","slug":"kontakt","status":"publish","type":"page","link":"https:\/\/pen.gg\/de\/kontakt\/","title":{"rendered":"Kontakt"},"content":{"rendered":"<p>Wir freuen uns \u00fcber Feedback jeglicher Art, au\u00dfer \u00fcber negatives. Schreib uns eine E-Mail an\u00a0<a href=\"mailto:peng@systemli.org\">peng@systemli.org<\/a>, am besten verschl\u00fcsselt mit unserem\u00a0<a href=\"https:\/\/keys.openpgp.org\/vks\/v1\/by-fingerprint\/EF28A241E4F35FC501F1FAD61D198FD29E501045\">pgp key<\/a>. Wir sind au\u00dferdem auch auf\u00a0<a href=\"https:\/\/twitter.com\/peng\">Twitter<\/a> und <a href=\"https:\/\/www.instagram.com\/pengcollective\">Insta<\/a> (lesen dort aber keine Nachrichten). Unsere Hotline ist 24\/7 unter +49 15678 954194 erreichbar.<\/p>\n","protected":false},"excerpt":{"rendered":"<p>Wir freuen uns \u00fcber Feedback jeglicher Art, au\u00dfer \u00fcber negatives. Schreib uns eine E-Mail an\u00a0peng@systemli.org, am besten verschl\u00fcsselt mit unserem\u00a0pgp key. Wir sind au\u00dferdem auch auf\u00a0Twitter und Insta (lesen dort aber keine Nachrichten). Unsere Hotline ist 24\/7 unter +49 15678 954194 erreichbar.<\/p>\n","protected":false},"author":3,"featured_media":0,"parent":0,"menu_order":20,"comment_status":"closed","ping_status":"closed","template":"","meta":{"_acf_changed":false,"footnotes":""},"class_list":["post-48","page","type-page","status-publish","hentry"],"acf":[],"_links":{"self":[{"href":"https:\/\/pen.gg\/de\/wp-json\/wp\/v2\/pages\/48","targetHints":{"allow":["GET"]}}],"collection":[{"href":"https:\/\/pen.gg\/de\/wp-json\/wp\/v2\/pages"}],"about":[{"href":"https:\/\/pen.gg\/de\/wp-json\/wp\/v2\/types\/page"}],"author":[{"embeddable":true,"href":"https:\/\/pen.gg\/de\/wp-json\/wp\/v2\/users\/3"}],"replies":[{"embeddable":true,"href":"https:\/\/pen.gg\/de\/wp-json\/wp\/v2\/comments?post=48"}],"version-history":[{"count":12,"href":"https:\/\/pen.gg\/de\/wp-json\/wp\/v2\/pages\/48\/revisions"}],"predecessor-version":[{"id":2391,"href":"https:\/\/pen.gg\/de\/wp-json\/wp\/v2\/pages\/48\/revisions\/2391"}],"wp:attachment":[{"href":"https:\/\/pen.gg\/de\/wp-json\/wp\/v2\/media?parent=48"}],"curies":[{"name":"wp","href":"https:\/\/api.w.org\/{rel}","templated":true}]}}