{"id":398,"date":"2016-05-16T15:27:38","date_gmt":"2016-05-16T15:27:38","guid":{"rendered":"http:\/\/pen.gg\/de\/join\/"},"modified":"2016-12-18T14:11:25","modified_gmt":"2016-12-18T14:11:25","slug":"join","status":"publish","type":"page","link":"https:\/\/pen.gg\/de\/join\/","title":{"rendered":"Werde ein Penguin"},"content":{"rendered":"<p>Penguine erhalten Peng am Leben und Arbeiten. Sie garantieren ein Grundeinkommen f\u00fcr das Kollektiv, damit wir uns auf neue politische Stunts konzentrieren k\u00f6nnen. Werde ein Penguin und unterst\u00fctze radikale Aktion. Es ist einfach und macht Spa\u00df!<\/p>\n","protected":false},"excerpt":{"rendered":"<p>Penguine erhalten Peng am Leben und Arbeiten. Sie garantieren ein Grundeinkommen f\u00fcr das Kollektiv, damit wir uns auf neue politische Stunts konzentrieren k\u00f6nnen. Werde ein Penguin und unterst\u00fctze radikale Aktion. Es ist einfach und macht Spa\u00df!<\/p>\n","protected":false},"author":3,"featured_media":582,"parent":0,"menu_order":18,"comment_status":"closed","ping_status":"closed","template":"join.php","meta":{"_acf_changed":false,"footnotes":""},"class_list":["post-398","page","type-page","status-publish","has-post-thumbnail","hentry"],"acf":[],"_links":{"self":[{"href":"https:\/\/pen.gg\/de\/wp-json\/wp\/v2\/pages\/398","targetHints":{"allow":["GET"]}}],"collection":[{"href":"https:\/\/pen.gg\/de\/wp-json\/wp\/v2\/pages"}],"about":[{"href":"https:\/\/pen.gg\/de\/wp-json\/wp\/v2\/types\/page"}],"author":[{"embeddable":true,"href":"https:\/\/pen.gg\/de\/wp-json\/wp\/v2\/users\/3"}],"replies":[{"embeddable":true,"href":"https:\/\/pen.gg\/de\/wp-json\/wp\/v2\/comments?post=398"}],"version-history":[{"count":5,"href":"https:\/\/pen.gg\/de\/wp-json\/wp\/v2\/pages\/398\/revisions"}],"predecessor-version":[{"id":707,"href":"https:\/\/pen.gg\/de\/wp-json\/wp\/v2\/pages\/398\/revisions\/707"}],"wp:featuredmedia":[{"embeddable":true,"href":"https:\/\/pen.gg\/de\/wp-json\/wp\/v2\/media\/582"}],"wp:attachment":[{"href":"https:\/\/pen.gg\/de\/wp-json\/wp\/v2\/media?parent=398"}],"curies":[{"name":"wp","href":"https:\/\/api.w.org\/{rel}","templated":true}]}}