{"id":396,"date":"2016-07-19T09:18:54","date_gmt":"2016-07-19T09:18:54","guid":{"rendered":"http:\/\/pen.gg\/de\/?page_id=396"},"modified":"2018-05-25T12:38:16","modified_gmt":"2018-05-25T12:38:16","slug":"datenschutzerklaerung","status":"publish","type":"page","link":"https:\/\/pen.gg\/de\/datenschutzerklaerung\/","title":{"rendered":"Datenschutzerkl\u00e4rung"},"content":{"rendered":"<p>Soweit es geht, sollen deine Daten bei Dir bleiben. F\u00fcr einige Sachen brauchen wir dennoch ein paar Angaben von Dir. Darum im Folgenden ein bisschen was zu den erhobenen Daten und zu unserem Umgang damit.<\/p>\n<p><strong>Newsletter<\/strong><br \/>\nF\u00fcr die Anmeldung f\u00fcr unseren Newsletter speichern wir die von Dir eingegebene E-Mail-Adresse. Der Versand der Mails und die Verwaltung der Liste erfolgt \u00fcber unseren eigenen Server. Kein Drittanbieter bekommt Deine Mailadresse.<br \/>\nDie Daten werden gel\u00f6scht, sobald sie f\u00fcr die Erreichung des Zweckes ihrer Erhebung nicht mehr erforderlich sind. Die E-Mail-Adresse des Nutzers wird demnach solange gespeichert, wie das Abonnement des Newsletters aktiv ist.<br \/>\nDas Abonnement des Newsletters kann durch den betroffenen Nutzer jederzeit gek\u00fcndigt werden. Zu diesem Zweck findet sich in jedem Newsletter ein entsprechender Link. <\/p>\n<p><strong>SEPA-Lastschrift<\/strong><br \/>\nWenn Du uns als Penguin in regelm\u00e4\u00dfigen Abst\u00e4nden mittels SEPA-Lastschrift Geld spenden willst, speichern wir daf\u00fcr die von Dir eingegeben Daten. Also Vor- und Nachname, Adresse (Stra\u00dfe, Ort und PLZ), E-Mail-Adresse und Bankverbindung (IBAN und BIC). Diese Daten \u00fcbermitteln wir unserer Bank (GLS Gemeinschaftsbank eG), um die Lastschrift auszuf\u00fchren.<\/p>\n<p><strong>Tracking deines Browsingverhaltens<\/strong><br \/>\nDas machen wir nicht und werden es auch nicht machen. Das Einzige, was erfasst wird, sind die Logs der Anfragen an den Server. Das aber nur zur Fehlerbehebung. Es werden keine personenbezogenen Daten erhoben.<\/p>\n<p><strong>Datenl\u00f6schung und Speicherdauer<\/strong><br \/>\nDie personenbezogenen Daten der betroffenen Person werden gel\u00f6scht oder gesperrt, sobald der Zweck der Speicherung entf\u00e4llt. Eine Speicherung kann dar\u00fcber hinaus erfolgen, wenn dies durch den europ\u00e4ischen oder nationalen Gesetzgeber in unionsrechtlichen Verordnungen, Gesetzen oder sonstigen Vorschriften, denen der Verantwortliche unterliegt, vorgesehen wurde. Eine Sperrung oder L\u00f6schung der Daten erfolgt auch dann, wenn eine durch die genannten Normen vorgeschriebene Speicherfrist abl\u00e4uft, es sei denn, dass eine Erforderlichkeit zur weiteren Speicherung der Daten f\u00fcr einen Vertragsabschluss oder eine Vertragserf\u00fcllung besteht.<\/p>\n<p><strong>Einsicht, \u00c4nderung und L\u00f6schung<\/strong><br \/>\nAuf Anfrage gew\u00e4hren wir Dir Einsicht in die von dir bei uns gespeicherten Daten, nehmen zum Zwecke der Aktualisierung \u00c4nderungen vor und l\u00f6schen deine Daten auf deinen Wunsch hin aus unseren Systemen.<\/p>\n<p><strong>Rechtsgrundlage f\u00fcr die Datenverarbeitung<\/strong><br \/>\nRechtsgrundlage f\u00fcr die vor\u00fcbergehende Speicherung der Daten ist Art.\u00a06 Abs.\u00a01 lit.\u00a0f DSGVO. <\/p>\n<p><strong>Kontaktperson f\u00fcr Datenschutz<\/strong><br \/>\nF\u00fcr alle Fragen und Beschwerden zum Datenschutz und zu deinen Daten bei uns steht dir unser Datenschutzteam unter <a href=\"mailto:privacy@pen.gg\">privacy@pen.gg<\/a> or +49 1520 7329440 zur Verf\u00fcgung.<\/p>\n<p>In Deine bei uns gespeicherten Daten nehmen wir nur im Rahmen unserer Arbeit Einblick. Deine Daten werden nicht \u00fcber die genannten F\u00e4lle hinaus an Dritte weitergegeben.<\/p>\n","protected":false},"excerpt":{"rendered":"<p>Soweit es geht, sollen deine Daten bei Dir bleiben. F\u00fcr einige Sachen brauchen wir dennoch ein paar Angaben von Dir. Darum im Folgenden ein bisschen was zu den erhobenen Daten und zu unserem Umgang damit. Newsletter F\u00fcr die Anmeldung f\u00fcr unseren Newsletter speichern wir die von Dir eingegebene E-Mail-Adresse. Der Versand der Mails und die [&hellip;]<\/p>\n","protected":false},"author":3,"featured_media":129,"parent":0,"menu_order":23,"comment_status":"closed","ping_status":"closed","template":"","meta":{"_acf_changed":false,"footnotes":""},"class_list":["post-396","page","type-page","status-publish","has-post-thumbnail","hentry"],"acf":[],"_links":{"self":[{"href":"https:\/\/pen.gg\/de\/wp-json\/wp\/v2\/pages\/396","targetHints":{"allow":["GET"]}}],"collection":[{"href":"https:\/\/pen.gg\/de\/wp-json\/wp\/v2\/pages"}],"about":[{"href":"https:\/\/pen.gg\/de\/wp-json\/wp\/v2\/types\/page"}],"author":[{"embeddable":true,"href":"https:\/\/pen.gg\/de\/wp-json\/wp\/v2\/users\/3"}],"replies":[{"embeddable":true,"href":"https:\/\/pen.gg\/de\/wp-json\/wp\/v2\/comments?post=396"}],"version-history":[{"count":14,"href":"https:\/\/pen.gg\/de\/wp-json\/wp\/v2\/pages\/396\/revisions"}],"predecessor-version":[{"id":963,"href":"https:\/\/pen.gg\/de\/wp-json\/wp\/v2\/pages\/396\/revisions\/963"}],"wp:featuredmedia":[{"embeddable":true,"href":"https:\/\/pen.gg\/de\/wp-json\/wp\/v2\/media\/129"}],"wp:attachment":[{"href":"https:\/\/pen.gg\/de\/wp-json\/wp\/v2\/media?parent=396"}],"curies":[{"name":"wp","href":"https:\/\/api.w.org\/{rel}","templated":true}]}}